{"id":475,"date":"2021-06-22T09:26:19","date_gmt":"2021-06-22T14:26:19","guid":{"rendered":"https:\/\/pcmrmx.com\/?post_type=product&#038;p=475"},"modified":"2021-09-05T08:38:14","modified_gmt":"2021-09-05T13:38:14","slug":"enfriamiento-cooler-master-hyper-212x-turbo","status":"publish","type":"product","link":"https:\/\/pcmrmx.com\/en\/product\/enfriamiento-cooler-master-hyper-212x-turbo\/","title":{"rendered":"Enfriamiento Cooler Master Hyper 212X Turbo"},"content":{"rendered":"<p>El CoolerMaster Hyper 212X presenta varias caracter\u00edsticas nuevas a la incre\u00edblemente popular serie 212. Utiliza la misma matriz patentada Quad CDC Heatpipe, pero cuenta con un ventilador de enfriamiento completamente nuevo y un dise\u00f1o mejorado de aletas. Una nueva incorporaci\u00f3n a la aclamada serie Hyper 212, el enfriador de CPU COOLER MASTER Hyper 212X eleva el list\u00f3n para reducir a\u00fan m\u00e1s la temperatura de sus CPU AMD o Intel. La matriz de aletas de aluminio adopta X-Vents y Air-Guide para expulsar mejor el calor. Hasta cuatro heatpipes de contacto directo pasan a trav\u00e9s de la matriz de aletas de aluminio para crear un sistema de enfriamiento completo. Gracias al ventilador con aspas redise\u00f1adas, se crear\u00e1 m\u00e1s flujo de aire para enfriar el disipador sin producir m\u00e1s ruido. Y el rodamiento de cuarta generaci\u00f3n del ventilador garantiza un ciclo de vida incre\u00edble. Con el nuevo motor de ventilador inteligente de COOLER MASTER, el ventilador se detendr\u00e1 una vez bloqueado para garantizar una protecci\u00f3n excepcional.<\/p>","protected":false},"excerpt":{"rendered":"<p>El CoolerMaster Hyper 212X presenta varias caracter\u00edsticas nuevas a la incre\u00edblemente popular serie 212. Utiliza la misma matriz patentada Quad [&hellip;]<\/p>\n","protected":false},"featured_media":472,"comment_status":"open","ping_status":"closed","template":"","meta":{"_seopress_robots_primary_cat":"","_seopress_titles_title":"","_seopress_titles_desc":"","_seopress_robots_index":"","_bbp_topic_count":0,"_bbp_reply_count":0,"_bbp_total_topic_count":0,"_bbp_total_reply_count":0,"_bbp_voice_count":0,"_bbp_anonymous_reply_count":0,"_bbp_topic_count_hidden":0,"_bbp_reply_count_hidden":0,"_bbp_forum_subforum_count":0,"site-sidebar-layout":"default","site-content-layout":"","ast-site-content-layout":"default","site-content-style":"default","site-sidebar-style":"default","ast-global-header-display":"","ast-banner-title-visibility":"","ast-main-header-display":"","ast-hfb-above-header-display":"","ast-hfb-below-header-display":"","ast-hfb-mobile-header-display":"","site-post-title":"","ast-breadcrumbs-content":"","ast-featured-img":"","footer-sml-layout":"","ast-disable-related-posts":"","theme-transparent-header-meta":"","adv-header-id-meta":"","stick-header-meta":"","header-above-stick-meta":"","header-main-stick-meta":"","header-below-stick-meta":"","astra-migrate-meta-layouts":"default","ast-page-background-enabled":"default","ast-page-background-meta":{"desktop":{"background-color":"","background-image":"","background-repeat":"repeat","background-position":"center center","background-size":"auto","background-attachment":"scroll","background-type":"","background-media":"","overlay-type":"","overlay-color":"","overlay-opacity":"","overlay-gradient":""},"tablet":{"background-color":"","background-image":"","background-repeat":"repeat","background-position":"center center","background-size":"auto","background-attachment":"scroll","background-type":"","background-media":"","overlay-type":"","overlay-color":"","overlay-opacity":"","overlay-gradient":""},"mobile":{"background-color":"","background-image":"","background-repeat":"repeat","background-position":"center center","background-size":"auto","background-attachment":"scroll","background-type":"","background-media":"","overlay-type":"","overlay-color":"","overlay-opacity":"","overlay-gradient":""}},"ast-content-background-meta":{"desktop":{"background-color":"var(--ast-global-color-5)","background-image":"","background-repeat":"repeat","background-position":"center center","background-size":"auto","background-attachment":"scroll","background-type":"","background-media":"","overlay-type":"","overlay-color":"","overlay-opacity":"","overlay-gradient":""},"tablet":{"background-color":"var(--ast-global-color-5)","background-image":"","background-repeat":"repeat","background-position":"center center","background-size":"auto","background-attachment":"scroll","background-type":"","background-media":"","overlay-type":"","overlay-color":"","overlay-opacity":"","overlay-gradient":""},"mobile":{"background-color":"var(--ast-global-color-5)","background-image":"","background-repeat":"repeat","background-position":"center center","background-size":"auto","background-attachment":"scroll","background-type":"","background-media":"","overlay-type":"","overlay-color":"","overlay-opacity":"","overlay-gradient":""}}},"product_brand":[],"product_cat":[57,42],"product_tag":[],"class_list":{"0":"post-475","1":"product","2":"type-product","3":"status-publish","4":"has-post-thumbnail","6":"product_cat-coolers","7":"product_cat-partes","8":"desktop-align-left","9":"tablet-align-left","10":"mobile-align-left","11":"ast-product-gallery-layout-horizontal-slider","12":"ast-product-tabs-layout-horizontal","14":"first","15":"outofstock","16":"sale","17":"shipping-taxable","18":"purchasable","19":"product-type-simple"},"_links":{"self":[{"href":"https:\/\/pcmrmx.com\/en\/wp-json\/wp\/v2\/product\/475","targetHints":{"allow":["GET"]}}],"collection":[{"href":"https:\/\/pcmrmx.com\/en\/wp-json\/wp\/v2\/product"}],"about":[{"href":"https:\/\/pcmrmx.com\/en\/wp-json\/wp\/v2\/types\/product"}],"replies":[{"embeddable":true,"href":"https:\/\/pcmrmx.com\/en\/wp-json\/wp\/v2\/comments?post=475"}],"wp:featuredmedia":[{"embeddable":true,"href":"https:\/\/pcmrmx.com\/en\/wp-json\/wp\/v2\/media\/472"}],"wp:attachment":[{"href":"https:\/\/pcmrmx.com\/en\/wp-json\/wp\/v2\/media?parent=475"}],"wp:term":[{"taxonomy":"product_brand","embeddable":true,"href":"https:\/\/pcmrmx.com\/en\/wp-json\/wp\/v2\/product_brand?post=475"},{"taxonomy":"product_cat","embeddable":true,"href":"https:\/\/pcmrmx.com\/en\/wp-json\/wp\/v2\/product_cat?post=475"},{"taxonomy":"product_tag","embeddable":true,"href":"https:\/\/pcmrmx.com\/en\/wp-json\/wp\/v2\/product_tag?post=475"}],"curies":[{"name":"wp","href":"https:\/\/api.w.org\/{rel}","templated":true}]}}