{"id":462,"date":"2021-06-22T09:25:05","date_gmt":"2021-06-22T14:25:05","guid":{"rendered":"https:\/\/pcmrmx.com\/?post_type=product&#038;p=462"},"modified":"2021-09-05T08:38:14","modified_gmt":"2021-09-05T13:38:14","slug":"kraken-z63-280mm-aio-liquid-cooler-with-lcd-display-precio","status":"publish","type":"product","link":"https:\/\/pcmrmx.com\/en\/product\/kraken-z63-280mm-aio-liquid-cooler-with-lcd-display-precio\/","title":{"rendered":"Kraken Z63 &#8211; 280mm AIO Liquid Cooler with LCD Display Precio"},"content":{"rendered":"<p>PERSONALICE SU ESTACI\u00d3N DE BATALLA: con una brillante pantalla LCD de 2.36 \u00abcapaz de mostrar colores de 24 bits, ahora puede personalizar completamente el aspecto de su refrigerador de CPU<br \/>\nMANT\u00c9NGASE EN CONTROL: el software elegante y f\u00e1cil de usar de CAM lo convierte en el maestro de su PC con controles intuitivos y f\u00e1ciles de usar, puede administrar el rendimiento y la apariencia de su Kraken con facilidad<br \/>\nRENDIMIENTO INCRE\u00cdBLE: con una entrada achaflanada y cojinetes din\u00e1micos de fluido, ofrecen un funcionamiento silencioso, fiabilidad a largo plazo y un potente rendimiento de refrigeraci\u00f3n<br \/>\nINSTALACI\u00d3N SIMPLE: con la pantalla totalmente programable, la bomba se puede girar * para adaptarse a las necesidades de su placa base sin afectar la direcci\u00f3n del logotipo o la imagen<br \/>\nSOCKET Y CPU COMPATIBLES: Intel Socket LGA 1151, 1150, 1155, 1156, 1366, 2011, 2011-3, 2066 \/ AMD Socket AM4, TR4 (soporte no incluido)<\/p>","protected":false},"excerpt":{"rendered":"<p>PERSONALICE SU ESTACI\u00d3N DE BATALLA: con una brillante pantalla LCD de 2.36 \u00abcapaz de mostrar colores de 24 bits, ahora [&hellip;]<\/p>\n","protected":false},"featured_media":474,"comment_status":"open","ping_status":"closed","template":"","meta":{"_seopress_robots_primary_cat":"","_seopress_titles_title":"","_seopress_titles_desc":"","_seopress_robots_index":"","_bbp_topic_count":0,"_bbp_reply_count":0,"_bbp_total_topic_count":0,"_bbp_total_reply_count":0,"_bbp_voice_count":0,"_bbp_anonymous_reply_count":0,"_bbp_topic_count_hidden":0,"_bbp_reply_count_hidden":0,"_bbp_forum_subforum_count":0,"site-sidebar-layout":"default","site-content-layout":"","ast-site-content-layout":"default","site-content-style":"default","site-sidebar-style":"default","ast-global-header-display":"","ast-banner-title-visibility":"","ast-main-header-display":"","ast-hfb-above-header-display":"","ast-hfb-below-header-display":"","ast-hfb-mobile-header-display":"","site-post-title":"","ast-breadcrumbs-content":"","ast-featured-img":"","footer-sml-layout":"","ast-disable-related-posts":"","theme-transparent-header-meta":"","adv-header-id-meta":"","stick-header-meta":"","header-above-stick-meta":"","header-main-stick-meta":"","header-below-stick-meta":"","astra-migrate-meta-layouts":"default","ast-page-background-enabled":"default","ast-page-background-meta":{"desktop":{"background-color":"","background-image":"","background-repeat":"repeat","background-position":"center center","background-size":"auto","background-attachment":"scroll","background-type":"","background-media":"","overlay-type":"","overlay-color":"","overlay-opacity":"","overlay-gradient":""},"tablet":{"background-color":"","background-image":"","background-repeat":"repeat","background-position":"center center","background-size":"auto","background-attachment":"scroll","background-type":"","background-media":"","overlay-type":"","overlay-color":"","overlay-opacity":"","overlay-gradient":""},"mobile":{"background-color":"","background-image":"","background-repeat":"repeat","background-position":"center center","background-size":"auto","background-attachment":"scroll","background-type":"","background-media":"","overlay-type":"","overlay-color":"","overlay-opacity":"","overlay-gradient":""}},"ast-content-background-meta":{"desktop":{"background-color":"var(--ast-global-color-5)","background-image":"","background-repeat":"repeat","background-position":"center center","background-size":"auto","background-attachment":"scroll","background-type":"","background-media":"","overlay-type":"","overlay-color":"","overlay-opacity":"","overlay-gradient":""},"tablet":{"background-color":"var(--ast-global-color-5)","background-image":"","background-repeat":"repeat","background-position":"center center","background-size":"auto","background-attachment":"scroll","background-type":"","background-media":"","overlay-type":"","overlay-color":"","overlay-opacity":"","overlay-gradient":""},"mobile":{"background-color":"var(--ast-global-color-5)","background-image":"","background-repeat":"repeat","background-position":"center center","background-size":"auto","background-attachment":"scroll","background-type":"","background-media":"","overlay-type":"","overlay-color":"","overlay-opacity":"","overlay-gradient":""}}},"product_brand":[],"product_cat":[56,42],"product_tag":[],"class_list":{"0":"post-462","1":"product","2":"type-product","3":"status-publish","4":"has-post-thumbnail","6":"product_cat-aio","7":"product_cat-partes","8":"desktop-align-left","9":"tablet-align-left","10":"mobile-align-left","11":"ast-product-gallery-layout-horizontal-slider","12":"ast-product-tabs-layout-horizontal","14":"first","15":"outofstock","16":"shipping-taxable","17":"purchasable","18":"product-type-simple"},"_links":{"self":[{"href":"https:\/\/pcmrmx.com\/en\/wp-json\/wp\/v2\/product\/462","targetHints":{"allow":["GET"]}}],"collection":[{"href":"https:\/\/pcmrmx.com\/en\/wp-json\/wp\/v2\/product"}],"about":[{"href":"https:\/\/pcmrmx.com\/en\/wp-json\/wp\/v2\/types\/product"}],"replies":[{"embeddable":true,"href":"https:\/\/pcmrmx.com\/en\/wp-json\/wp\/v2\/comments?post=462"}],"wp:featuredmedia":[{"embeddable":true,"href":"https:\/\/pcmrmx.com\/en\/wp-json\/wp\/v2\/media\/474"}],"wp:attachment":[{"href":"https:\/\/pcmrmx.com\/en\/wp-json\/wp\/v2\/media?parent=462"}],"wp:term":[{"taxonomy":"product_brand","embeddable":true,"href":"https:\/\/pcmrmx.com\/en\/wp-json\/wp\/v2\/product_brand?post=462"},{"taxonomy":"product_cat","embeddable":true,"href":"https:\/\/pcmrmx.com\/en\/wp-json\/wp\/v2\/product_cat?post=462"},{"taxonomy":"product_tag","embeddable":true,"href":"https:\/\/pcmrmx.com\/en\/wp-json\/wp\/v2\/product_tag?post=462"}],"curies":[{"name":"wp","href":"https:\/\/api.w.org\/{rel}","templated":true}]}}