{"id":454,"date":"2021-06-21T23:46:56","date_gmt":"2021-06-22T04:46:56","guid":{"rendered":"https:\/\/pcmrmx.com\/?post_type=product&#038;p=454"},"modified":"2021-09-05T08:38:15","modified_gmt":"2021-09-05T13:38:15","slug":"enfriamiento-liquido-nzxt-kraken-z73-rgb-con-pantalla","status":"publish","type":"product","link":"https:\/\/pcmrmx.com\/en\/product\/enfriamiento-liquido-nzxt-kraken-z73-rgb-con-pantalla\/","title":{"rendered":"Enfriamiento L\u00edquido NZXT Kraken Z73 RGB con pantalla"},"content":{"rendered":"<p><span data-mce-type=\"bookmark\" style=\"display: inline-block; width: 0px; overflow: hidden; line-height: 0;\" class=\"mce_SELRES_start\"><\/span>DISE\u00d1O: con una tapa redise\u00f1ada y un LED de anillo de espejo infinito m\u00e1s grande, el nuevo Kraken X permite ajustar la orientaci\u00f3n del cabezal de la bomba para que se ajuste sin afectar la direcci\u00f3n del logotipo<br \/>\nM\u00c1S GRANDE: la tapa de espejo infinita 10% m\u00e1s grande permite un RGB m\u00e1s v\u00edvido y una tapa giratoria acomoda la reorientaci\u00f3n del logotipo sin importar la direcci\u00f3n en que se instale el enfriador<br \/>\nMEJOR CONTROL: la integraci\u00f3n completa de CAM le permite administrar el rendimiento de su Kraken con precisi\u00f3n<br \/>\nRENDIMIENTO INCRE\u00cdBLE: los ventiladores del radiador Aer P cuentan con una entrada achaflanada y un cojinete din\u00e1mico de fluido que proporciona operaciones silenciosas, durabilidad y un potente rendimiento de enfriamiento<br \/>\nINSTALACI\u00d3N SIMPLE: las mangas de malla de nylon fino fortalecen el tubo de goma, proporcionando durabilidad y protecci\u00f3n contra el mal manejo<\/p>","protected":false},"excerpt":{"rendered":"<p>\ufeffDISE\u00d1O: con una tapa redise\u00f1ada y un LED de anillo de espejo infinito m\u00e1s grande, el nuevo Kraken X permite [&hellip;]<\/p>\n","protected":false},"featured_media":457,"comment_status":"open","ping_status":"closed","template":"","meta":{"_seopress_robots_primary_cat":"","_seopress_titles_title":"","_seopress_titles_desc":"","_seopress_robots_index":"","_bbp_topic_count":0,"_bbp_reply_count":0,"_bbp_total_topic_count":0,"_bbp_total_reply_count":0,"_bbp_voice_count":0,"_bbp_anonymous_reply_count":0,"_bbp_topic_count_hidden":0,"_bbp_reply_count_hidden":0,"_bbp_forum_subforum_count":0,"site-sidebar-layout":"default","site-content-layout":"","ast-site-content-layout":"default","site-content-style":"default","site-sidebar-style":"default","ast-global-header-display":"","ast-banner-title-visibility":"","ast-main-header-display":"","ast-hfb-above-header-display":"","ast-hfb-below-header-display":"","ast-hfb-mobile-header-display":"","site-post-title":"","ast-breadcrumbs-content":"","ast-featured-img":"","footer-sml-layout":"","ast-disable-related-posts":"","theme-transparent-header-meta":"","adv-header-id-meta":"","stick-header-meta":"","header-above-stick-meta":"","header-main-stick-meta":"","header-below-stick-meta":"","astra-migrate-meta-layouts":"default","ast-page-background-enabled":"default","ast-page-background-meta":{"desktop":{"background-color":"","background-image":"","background-repeat":"repeat","background-position":"center center","background-size":"auto","background-attachment":"scroll","background-type":"","background-media":"","overlay-type":"","overlay-color":"","overlay-opacity":"","overlay-gradient":""},"tablet":{"background-color":"","background-image":"","background-repeat":"repeat","background-position":"center center","background-size":"auto","background-attachment":"scroll","background-type":"","background-media":"","overlay-type":"","overlay-color":"","overlay-opacity":"","overlay-gradient":""},"mobile":{"background-color":"","background-image":"","background-repeat":"repeat","background-position":"center center","background-size":"auto","background-attachment":"scroll","background-type":"","background-media":"","overlay-type":"","overlay-color":"","overlay-opacity":"","overlay-gradient":""}},"ast-content-background-meta":{"desktop":{"background-color":"var(--ast-global-color-5)","background-image":"","background-repeat":"repeat","background-position":"center center","background-size":"auto","background-attachment":"scroll","background-type":"","background-media":"","overlay-type":"","overlay-color":"","overlay-opacity":"","overlay-gradient":""},"tablet":{"background-color":"var(--ast-global-color-5)","background-image":"","background-repeat":"repeat","background-position":"center center","background-size":"auto","background-attachment":"scroll","background-type":"","background-media":"","overlay-type":"","overlay-color":"","overlay-opacity":"","overlay-gradient":""},"mobile":{"background-color":"var(--ast-global-color-5)","background-image":"","background-repeat":"repeat","background-position":"center center","background-size":"auto","background-attachment":"scroll","background-type":"","background-media":"","overlay-type":"","overlay-color":"","overlay-opacity":"","overlay-gradient":""}}},"product_brand":[],"product_cat":[56,42],"product_tag":[],"class_list":{"0":"post-454","1":"product","2":"type-product","3":"status-publish","4":"has-post-thumbnail","6":"product_cat-aio","7":"product_cat-partes","8":"desktop-align-left","9":"tablet-align-left","10":"mobile-align-left","11":"ast-product-gallery-layout-horizontal-slider","12":"ast-product-tabs-layout-horizontal","14":"first","15":"outofstock","16":"shipping-taxable","17":"purchasable","18":"product-type-simple"},"_links":{"self":[{"href":"https:\/\/pcmrmx.com\/en\/wp-json\/wp\/v2\/product\/454","targetHints":{"allow":["GET"]}}],"collection":[{"href":"https:\/\/pcmrmx.com\/en\/wp-json\/wp\/v2\/product"}],"about":[{"href":"https:\/\/pcmrmx.com\/en\/wp-json\/wp\/v2\/types\/product"}],"replies":[{"embeddable":true,"href":"https:\/\/pcmrmx.com\/en\/wp-json\/wp\/v2\/comments?post=454"}],"wp:featuredmedia":[{"embeddable":true,"href":"https:\/\/pcmrmx.com\/en\/wp-json\/wp\/v2\/media\/457"}],"wp:attachment":[{"href":"https:\/\/pcmrmx.com\/en\/wp-json\/wp\/v2\/media?parent=454"}],"wp:term":[{"taxonomy":"product_brand","embeddable":true,"href":"https:\/\/pcmrmx.com\/en\/wp-json\/wp\/v2\/product_brand?post=454"},{"taxonomy":"product_cat","embeddable":true,"href":"https:\/\/pcmrmx.com\/en\/wp-json\/wp\/v2\/product_cat?post=454"},{"taxonomy":"product_tag","embeddable":true,"href":"https:\/\/pcmrmx.com\/en\/wp-json\/wp\/v2\/product_tag?post=454"}],"curies":[{"name":"wp","href":"https:\/\/api.w.org\/{rel}","templated":true}]}}