{"id":444,"date":"2021-06-21T23:41:27","date_gmt":"2021-06-22T04:41:27","guid":{"rendered":"https:\/\/pcmrmx.com\/?post_type=product&#038;p=444"},"modified":"2021-09-05T08:38:15","modified_gmt":"2021-09-05T13:38:15","slug":"fuente-de-poder-nzxt-c650-80-plus-gold-24-pin-atx-650w","status":"publish","type":"product","link":"https:\/\/pcmrmx.com\/en\/product\/fuente-de-poder-nzxt-c650-80-plus-gold-24-pin-atx-650w\/","title":{"rendered":"Fuente de Poder NZXT C650 80 PLUS Gold, 24-pin ATX, 650W"},"content":{"rendered":"<ul class=\"a-unordered-list a-vertical a-spacing-mini\">\n<li><span class=\"a-list-item\">El dise\u00f1o modular le permite usar solo los cables que necesita, lo que garantiza una instalaci\u00f3n m\u00e1s f\u00e1cil y menos desorden. Los cables principales con mangas se ven geniales y resisten el da\u00f1o por calor y el deshilachado, lo que brinda una mayor durabilidad y longevidad.<\/span><\/li>\n<li><span class=\"a-list-item\">La serie C se adapta a cualquier carcasa que cumpla el est\u00e1ndar ATX con el C650 compatible con GPU NVIDIA hasta 3060 y GPU AMD hasta Vega 64.<\/span><\/li>\n<li><span class=\"a-list-item\">Al presionar un bot\u00f3n, se habilita el modo de ventilador a cero rpm, silenciando el ventilador en condiciones de carga baja. Cuando es necesario, el ventilador de cojinete din\u00e1mico fluido de 120 mm gira para enfriar eficientemente la fuente de alimentaci\u00f3n, manteniendo su sistema estable y funcionando incluso en la sesi\u00f3n de juego m\u00e1s intensa.<\/span><\/li>\n<li><span class=\"a-list-item\">Adem\u00e1s del servicio y soporte de clase mundial, NZXT ofrece una garant\u00eda de 10 a\u00f1os para la fuente de alimentaci\u00f3n de la serie C, para que pueda disfrutar de una experiencia de juego sin preocupaciones.<\/span><\/li>\n<\/ul>","protected":false},"excerpt":{"rendered":"<ul class=\"a-unordered-list a-vertical a-spacing-mini\">\n<li><span class=\"a-list-item\">El dise\u00f1o modular le permite usar solo los cables que necesita, lo que garantiza una instalaci\u00f3n m\u00e1s f\u00e1cil y menos desorden. Los cables principales con mangas se ven geniales y resisten el da\u00f1o por calor y el deshilachado, lo que brinda una mayor durabilidad y longevidad.<\/span><\/li>\n<li><span class=\"a-list-item\">La serie C se adapta a cualquier carcasa que cumpla el est\u00e1ndar ATX con el C650 compatible con GPU NVIDIA hasta 3060 y GPU AMD hasta Vega 64.<\/span><\/li>\n<li><span class=\"a-list-item\">Al presionar un bot\u00f3n, se habilita el modo de ventilador a cero rpm, silenciando el ventilador en condiciones de carga baja. Cuando es necesario, el ventilador de cojinete din\u00e1mico fluido de 120 mm gira para enfriar eficientemente la fuente de alimentaci\u00f3n, manteniendo su sistema estable y funcionando incluso en la sesi\u00f3n de juego m\u00e1s intensa.<\/span><\/li>\n<li><span class=\"a-list-item\">Adem\u00e1s del servicio y soporte de clase mundial, NZXT ofrece una garant\u00eda de 10 a\u00f1os para la fuente de alimentaci\u00f3n de la serie C, para que pueda disfrutar de una experiencia de juego sin preocupaciones.<\/span><\/li>\n<\/ul>","protected":false},"featured_media":445,"comment_status":"open","ping_status":"closed","template":"","meta":{"_seopress_robots_primary_cat":"","_seopress_titles_title":"","_seopress_titles_desc":"","_seopress_robots_index":"","_bbp_topic_count":0,"_bbp_reply_count":0,"_bbp_total_topic_count":0,"_bbp_total_reply_count":0,"_bbp_voice_count":0,"_bbp_anonymous_reply_count":0,"_bbp_topic_count_hidden":0,"_bbp_reply_count_hidden":0,"_bbp_forum_subforum_count":0,"site-sidebar-layout":"default","site-content-layout":"","ast-site-content-layout":"default","site-content-style":"default","site-sidebar-style":"default","ast-global-header-display":"","ast-banner-title-visibility":"","ast-main-header-display":"","ast-hfb-above-header-display":"","ast-hfb-below-header-display":"","ast-hfb-mobile-header-display":"","site-post-title":"","ast-breadcrumbs-content":"","ast-featured-img":"","footer-sml-layout":"","ast-disable-related-posts":"","theme-transparent-header-meta":"","adv-header-id-meta":"","stick-header-meta":"","header-above-stick-meta":"","header-main-stick-meta":"","header-below-stick-meta":"","astra-migrate-meta-layouts":"default","ast-page-background-enabled":"default","ast-page-background-meta":{"desktop":{"background-color":"","background-image":"","background-repeat":"repeat","background-position":"center center","background-size":"auto","background-attachment":"scroll","background-type":"","background-media":"","overlay-type":"","overlay-color":"","overlay-opacity":"","overlay-gradient":""},"tablet":{"background-color":"","background-image":"","background-repeat":"repeat","background-position":"center center","background-size":"auto","background-attachment":"scroll","background-type":"","background-media":"","overlay-type":"","overlay-color":"","overlay-opacity":"","overlay-gradient":""},"mobile":{"background-color":"","background-image":"","background-repeat":"repeat","background-position":"center center","background-size":"auto","background-attachment":"scroll","background-type":"","background-media":"","overlay-type":"","overlay-color":"","overlay-opacity":"","overlay-gradient":""}},"ast-content-background-meta":{"desktop":{"background-color":"var(--ast-global-color-5)","background-image":"","background-repeat":"repeat","background-position":"center center","background-size":"auto","background-attachment":"scroll","background-type":"","background-media":"","overlay-type":"","overlay-color":"","overlay-opacity":"","overlay-gradient":""},"tablet":{"background-color":"var(--ast-global-color-5)","background-image":"","background-repeat":"repeat","background-position":"center center","background-size":"auto","background-attachment":"scroll","background-type":"","background-media":"","overlay-type":"","overlay-color":"","overlay-opacity":"","overlay-gradient":""},"mobile":{"background-color":"var(--ast-global-color-5)","background-image":"","background-repeat":"repeat","background-position":"center center","background-size":"auto","background-attachment":"scroll","background-type":"","background-media":"","overlay-type":"","overlay-color":"","overlay-opacity":"","overlay-gradient":""}}},"product_brand":[],"product_cat":[53],"product_tag":[],"class_list":{"0":"post-444","1":"product","2":"type-product","3":"status-publish","4":"has-post-thumbnail","6":"product_cat-psu","7":"desktop-align-left","8":"tablet-align-left","9":"mobile-align-left","10":"ast-product-gallery-layout-horizontal-slider","11":"ast-product-tabs-layout-horizontal","13":"first","14":"outofstock","15":"shipping-taxable","16":"purchasable","17":"product-type-simple"},"_links":{"self":[{"href":"https:\/\/pcmrmx.com\/en\/wp-json\/wp\/v2\/product\/444","targetHints":{"allow":["GET"]}}],"collection":[{"href":"https:\/\/pcmrmx.com\/en\/wp-json\/wp\/v2\/product"}],"about":[{"href":"https:\/\/pcmrmx.com\/en\/wp-json\/wp\/v2\/types\/product"}],"replies":[{"embeddable":true,"href":"https:\/\/pcmrmx.com\/en\/wp-json\/wp\/v2\/comments?post=444"}],"wp:featuredmedia":[{"embeddable":true,"href":"https:\/\/pcmrmx.com\/en\/wp-json\/wp\/v2\/media\/445"}],"wp:attachment":[{"href":"https:\/\/pcmrmx.com\/en\/wp-json\/wp\/v2\/media?parent=444"}],"wp:term":[{"taxonomy":"product_brand","embeddable":true,"href":"https:\/\/pcmrmx.com\/en\/wp-json\/wp\/v2\/product_brand?post=444"},{"taxonomy":"product_cat","embeddable":true,"href":"https:\/\/pcmrmx.com\/en\/wp-json\/wp\/v2\/product_cat?post=444"},{"taxonomy":"product_tag","embeddable":true,"href":"https:\/\/pcmrmx.com\/en\/wp-json\/wp\/v2\/product_tag?post=444"}],"curies":[{"name":"wp","href":"https:\/\/api.w.org\/{rel}","templated":true}]}}