{"id":434,"date":"2021-06-20T23:16:48","date_gmt":"2021-06-21T04:16:48","guid":{"rendered":"https:\/\/pcmrmx.com\/?post_type=product&#038;p=434"},"modified":"2021-09-05T08:38:15","modified_gmt":"2021-09-05T13:38:15","slug":"asus-dual-geforce-rtx-2060-oc-edicion-evo-6gb-gddr6","status":"publish","type":"product","link":"https:\/\/pcmrmx.com\/en\/product\/asus-dual-geforce-rtx-2060-oc-edicion-evo-6gb-gddr6\/","title":{"rendered":"ASUS Dual GeForce RTX\u2122 2060 OC edici\u00f3n EVO 6GB GDDR6"},"content":{"rendered":"<ul>\n<li><strong>La arquitectura de GPU NVIDIA TURING \u2122<\/strong>\u00a0y la nueva plataforma RTX proporcionan hasta 6 veces el rendimiento de las tarjetas gr\u00e1ficas de la generaci\u00f3n anterior y aportan la potencia del trazado de rayos en tiempo real y la IA a los juegos.<\/li>\n<li><strong>DirectX 12<\/strong>\u00a0permite nuevos efectos visuales y t\u00e9cnicas de renderizado para juegos m\u00e1s realistas.<\/li>\n<li><strong>NVIDIA Shadowplay\u2122:<\/strong>\u00a0Grabe y comparta videos de juegos de alta calidad, capturas de pantalla y transmisiones en vivo con sus amigos.<\/li>\n<li>El dise\u00f1o de ventilador de\u00a0<strong>tecnolog\u00eda axial\u00a0<\/strong>trae aspas m\u00e1s grandes y un anillo de barrera \u00fanico para aumentar la presi\u00f3n de aire.<\/li>\n<li><strong>La tecnolog\u00eda Auto-Extreme<\/strong>\u00a0utiliza la automatizaci\u00f3n para mejorar la confiabilidad.<\/li>\n<li><strong>Super Alloy Power II<\/strong>\u00a0incluye estranguladores de aleaci\u00f3n premium, condensadores de pol\u00edmero s\u00f3lido y una variedad de etapas de potencia de alta corriente.<\/li>\n<li>Reforzado por una<strong>\u00a0placa posterior protectora<\/strong>\u00a0que evita la flexi\u00f3n de PCB y el da\u00f1o traza.<\/li>\n<li><strong>GPU Tweak II<\/strong>: Proporciona ajustes intuitivos de rendimiento y controles t\u00e9rmicos.<\/li>","protected":false},"excerpt":{"rendered":"<ul>\n<li><strong>La arquitectura de GPU NVIDIA TURING \u2122<\/strong>\u00a0y la nueva plataforma RTX proporcionan hasta 6 veces el rendimiento de las tarjetas gr\u00e1ficas de la generaci\u00f3n anterior y aportan la potencia del trazado de rayos en tiempo real y la IA a los juegos.<\/li>\n<li><strong>DirectX 12<\/strong>\u00a0permite nuevos efectos visuales y t\u00e9cnicas de renderizado para juegos m\u00e1s realistas.<\/li>\n<li><strong>NVIDIA Shadowplay\u2122:<\/strong>\u00a0Grabe y comparta videos de juegos de alta calidad, capturas de pantalla y transmisiones en vivo con sus amigos.<\/li>\n<li>El dise\u00f1o de ventilador de\u00a0<strong>tecnolog\u00eda axial\u00a0<\/strong>trae aspas m\u00e1s grandes y un anillo de barrera \u00fanico para aumentar la presi\u00f3n de aire.<\/li>\n<li><strong>La tecnolog\u00eda Auto-Extreme<\/strong>\u00a0utiliza la automatizaci\u00f3n para mejorar la confiabilidad.<\/li>\n<li><strong>Super Alloy Power II<\/strong>\u00a0incluye estranguladores de aleaci\u00f3n premium, condensadores de pol\u00edmero s\u00f3lido y una variedad de etapas de potencia de alta corriente.<\/li>\n<li>Reforzado por una<strong>\u00a0placa posterior protectora<\/strong>\u00a0que evita la flexi\u00f3n de PCB y el da\u00f1o traza.<\/li>\n<li><strong>GPU Tweak II<\/strong>: Proporciona ajustes intuitivos de rendimiento y controles t\u00e9rmicos.<\/li>\n<li><strong>El programa de validaci\u00f3n de 144 horas<\/strong>\u00a0somete a las tarjetas a una serie de rigurosas pruebas para garantizar la compatibilidad con los \u00faltimos juegos.<\/li>\n<\/ul>","protected":false},"featured_media":430,"comment_status":"open","ping_status":"closed","template":"","meta":{"_seopress_robots_primary_cat":"","_seopress_titles_title":"","_seopress_titles_desc":"","_seopress_robots_index":"","_bbp_topic_count":0,"_bbp_reply_count":0,"_bbp_total_topic_count":0,"_bbp_total_reply_count":0,"_bbp_voice_count":0,"_bbp_anonymous_reply_count":0,"_bbp_topic_count_hidden":0,"_bbp_reply_count_hidden":0,"_bbp_forum_subforum_count":0,"site-sidebar-layout":"default","site-content-layout":"","ast-site-content-layout":"default","site-content-style":"default","site-sidebar-style":"default","ast-global-header-display":"","ast-banner-title-visibility":"","ast-main-header-display":"","ast-hfb-above-header-display":"","ast-hfb-below-header-display":"","ast-hfb-mobile-header-display":"","site-post-title":"","ast-breadcrumbs-content":"","ast-featured-img":"","footer-sml-layout":"","ast-disable-related-posts":"","theme-transparent-header-meta":"","adv-header-id-meta":"","stick-header-meta":"","header-above-stick-meta":"","header-main-stick-meta":"","header-below-stick-meta":"","astra-migrate-meta-layouts":"default","ast-page-background-enabled":"default","ast-page-background-meta":{"desktop":{"background-color":"","background-image":"","background-repeat":"repeat","background-position":"center center","background-size":"auto","background-attachment":"scroll","background-type":"","background-media":"","overlay-type":"","overlay-color":"","overlay-opacity":"","overlay-gradient":""},"tablet":{"background-color":"","background-image":"","background-repeat":"repeat","background-position":"center center","background-size":"auto","background-attachment":"scroll","background-type":"","background-media":"","overlay-type":"","overlay-color":"","overlay-opacity":"","overlay-gradient":""},"mobile":{"background-color":"","background-image":"","background-repeat":"repeat","background-position":"center center","background-size":"auto","background-attachment":"scroll","background-type":"","background-media":"","overlay-type":"","overlay-color":"","overlay-opacity":"","overlay-gradient":""}},"ast-content-background-meta":{"desktop":{"background-color":"var(--ast-global-color-5)","background-image":"","background-repeat":"repeat","background-position":"center center","background-size":"auto","background-attachment":"scroll","background-type":"","background-media":"","overlay-type":"","overlay-color":"","overlay-opacity":"","overlay-gradient":""},"tablet":{"background-color":"var(--ast-global-color-5)","background-image":"","background-repeat":"repeat","background-position":"center center","background-size":"auto","background-attachment":"scroll","background-type":"","background-media":"","overlay-type":"","overlay-color":"","overlay-opacity":"","overlay-gradient":""},"mobile":{"background-color":"var(--ast-global-color-5)","background-image":"","background-repeat":"repeat","background-position":"center center","background-size":"auto","background-attachment":"scroll","background-type":"","background-media":"","overlay-type":"","overlay-color":"","overlay-opacity":"","overlay-gradient":""}}},"product_brand":[],"product_cat":[58],"product_tag":[],"class_list":{"0":"post-434","1":"product","2":"type-product","3":"status-publish","4":"has-post-thumbnail","6":"product_cat-gpu-descuento","7":"desktop-align-left","8":"tablet-align-left","9":"mobile-align-left","10":"ast-product-gallery-layout-horizontal-slider","11":"ast-product-tabs-layout-horizontal","13":"first","14":"outofstock","15":"sale","16":"shipping-taxable","17":"purchasable","18":"product-type-simple"},"_links":{"self":[{"href":"https:\/\/pcmrmx.com\/en\/wp-json\/wp\/v2\/product\/434","targetHints":{"allow":["GET"]}}],"collection":[{"href":"https:\/\/pcmrmx.com\/en\/wp-json\/wp\/v2\/product"}],"about":[{"href":"https:\/\/pcmrmx.com\/en\/wp-json\/wp\/v2\/types\/product"}],"replies":[{"embeddable":true,"href":"https:\/\/pcmrmx.com\/en\/wp-json\/wp\/v2\/comments?post=434"}],"wp:featuredmedia":[{"embeddable":true,"href":"https:\/\/pcmrmx.com\/en\/wp-json\/wp\/v2\/media\/430"}],"wp:attachment":[{"href":"https:\/\/pcmrmx.com\/en\/wp-json\/wp\/v2\/media?parent=434"}],"wp:term":[{"taxonomy":"product_brand","embeddable":true,"href":"https:\/\/pcmrmx.com\/en\/wp-json\/wp\/v2\/product_brand?post=434"},{"taxonomy":"product_cat","embeddable":true,"href":"https:\/\/pcmrmx.com\/en\/wp-json\/wp\/v2\/product_cat?post=434"},{"taxonomy":"product_tag","embeddable":true,"href":"https:\/\/pcmrmx.com\/en\/wp-json\/wp\/v2\/product_tag?post=434"}],"curies":[{"name":"wp","href":"https:\/\/api.w.org\/{rel}","templated":true}]}}